{"id":34,"date":"2014-12-08T15:54:06","date_gmt":"2014-12-08T14:54:06","guid":{"rendered":"http:\/\/www.oskarshamnsstadsbud.se\/?page_id=34"},"modified":"2016-03-17T08:16:20","modified_gmt":"2016-03-17T07:16:20","slug":"miljo-och-kvalitetspolicy","status":"publish","type":"page","link":"https:\/\/www.kungsflytt.se\/?page_id=34","title":{"rendered":"MILJ\u00d6 &#038; KVALITETSPOLICY"},"content":{"rendered":"<h2><a href=\"http:\/\/www.kungsflytt.se\/wp-content\/uploads\/2014\/12\/miljo.jpg\" rel=\"attachment wp-att-115\"><img decoding=\"async\" loading=\"lazy\" class=\"alignnone size-full wp-image-115\" src=\"http:\/\/www.kungsflytt.se\/wp-content\/uploads\/2014\/12\/miljo.jpg\" alt=\"miljo\" width=\"1000\" height=\"500\" srcset=\"https:\/\/www.kungsflytt.se\/wp-content\/uploads\/2014\/12\/miljo.jpg 1000w, https:\/\/www.kungsflytt.se\/wp-content\/uploads\/2014\/12\/miljo-300x150.jpg 300w, https:\/\/www.kungsflytt.se\/wp-content\/uploads\/2014\/12\/miljo-768x384.jpg 768w\" sizes=\"(max-width: 1000px) 100vw, 1000px\" \/><\/a><\/h2>\n<h2>Milj\u00f6ansvar<\/h2>\n<p>Inom KUNGSFLYTT p\u00e5g\u00e5r ett kontinuerligt milj\u00f6arbete som omfattar all personal.<br \/>\nKUNGSFLYTT str\u00e4var efter att v\u00e5r verksamhet ska ha s\u00e5 liten p\u00e5verkan p\u00e5 milj\u00f6n som m\u00f6jligt. D\u00e4rf\u00f6r f\u00f6rnyar vi v\u00e5r vagnpark kontinuerligt och v\u00e5ra bilar tillh\u00f6r b\u00e4sta milj\u00f6klass. Vi ser till att anv\u00e4nd milj\u00f6v\u00e4nligt emballage till alla v\u00e5ra uppdrag, samt ser till att samlas v\u00e5ra s\u00e4ndningar i st\u00f6rsta t\u00e4nkbara utbredning. Alla restprodukter som blir \u00f6ver efter transporterna sorteras upp och g\u00e5r till \u00e5tervinning. Det \u00e4r naturligt f\u00f6r KUNGSFLYTT att engagera sig i samh\u00e4llets l\u00e5ngsiktiga utveckling. En viktig del av v\u00e5rt samh\u00e4llsengagemang \u00e4r ett aktivt milj\u00f6arbete f\u00f6r att inom v\u00e5r verksamhet bidra till ett l\u00e5ngsiktigt h\u00e5llbart samh\u00e4lle.<\/p>\n<p>&nbsp;<\/p>\n<h2>Milj\u00f6policy<\/h2>\n<p>KUNGSFLYTT skall inom ramen f\u00f6r vad som \u00e4r ekonomiskt och tekniskt m\u00f6jligt bidra till ett ekologiskt h\u00e5llbart samh\u00e4lle. Det \u00e4r naturligt f\u00f6r KUNGSFLYTT att engagera sig i samh\u00e4llets l\u00e5ngsiktiga utveckling. En viktig del av v\u00e5rt samh\u00e4llsengagemang \u00e4r ett aktivt milj\u00f6arbete f\u00f6r att inom v\u00e5r verksamhet bidra till ett l\u00e5ngsiktigt h\u00e5llbart samh\u00e4lle. F\u00f6r att kunna erbjuda marknaden ur milj\u00f6synpunkt godtagbara transporttj\u00e4nster skall vi:<\/p>\n<ul>\n<li>Ha g\u00e4llande milj\u00f6lagar som l\u00e4gsta godtagbara krav inom verksamheten<\/li>\n<li>St\u00e4ndigt f\u00f6rb\u00e4ttra verksamheten ur milj\u00f6synpunkt samt att f\u00f6rebygga f\u00f6roreningar<\/li>\n<li>Minska milj\u00f6belastningen fr\u00e5n v\u00e5ra transporter, b\u00e5de vid tj\u00e4nsteuppdrag och varuleveranser, genom val av b\u00e4sta transports\u00e4tt ur milj\u00f6synpunkt och \u00f6kad anv\u00e4ndning av ny teknik<\/li>\n<li>\u00d6ka kunskapen och h\u00f6ja medvetenheten om milj\u00f6fr\u00e5gor hos v\u00e5ra anst\u00e4llda<\/li>\n<li>Prioritera de leverant\u00f6rer som bedriver ett systematiskt milj\u00f6f\u00f6rb\u00e4ttringsarbete<\/li>\n<li>Minska v\u00e5r milj\u00f6belastning p\u00e5 v\u00e5ra kontor genom att minska anv\u00e4ndning av energi och material och st\u00e4lla relevanta milj\u00f6krav vid ink\u00f6p av varor och tj\u00e4nster samt hantera v\u00e5rt avfall p\u00e5 b\u00e4sta s\u00e4tt<\/li>\n<\/ul>\n<p>&nbsp;<\/p>\n<h2>Kvalitetspolicy<\/h2>\n<p>M\u00e5let f\u00f6r KUNGSFLYTT:s kvalitetsarbete \u00e4r n\u00f6jda kunder. M\u00e5let n\u00e5s genom att leverera varor och tj\u00e4nster med r\u00e4tt kvalitet.<\/p>\n<p>R\u00e4tt kvalitet inneb\u00e4r att fullt ut tillfredsst\u00e4lla kundens krav och f\u00f6rv\u00e4ntningar samtidigt som h\u00e4nsyn tas till krav vad g\u00e4ller yttre milj\u00f6, arbetsmilj\u00f6 och s\u00e4kerhet. R\u00e4tt kvalitet inneb\u00e4r vidare att varor och tj\u00e4nster uppfyller specificerad kvalitet till l\u00e4gsta kostnad samt att varor och tj\u00e4nster levereras i avtalad tid.<\/p>\n<p>Ett framg\u00e5ngsrikt kvalitetsarbete erfordrar identifiering av kunden och dennes behov och pr\u00e4glas av:<\/p>\n<ul>\n<li>St\u00e4ndigt p\u00e5g\u00e5ende och systematisk f\u00f6rb\u00e4ttring av v\u00e5rt arbetss\u00e4tt<\/li>\n<li>H\u00f6g grad av f\u00f6ruts\u00e4gbarhet<\/li>\n<li>Str\u00e4van att g\u00f6ra r\u00e4tt fr\u00e5n b\u00f6rjan<\/li>\n<li>Ordning och reda<\/li>\n<\/ul>\n<p>&nbsp;<\/p>\n","protected":false},"excerpt":{"rendered":"<p>Milj\u00f6ansvar Inom KUNGSFLYTT p\u00e5g\u00e5r ett kontinuerligt milj\u00f6arbete som omfattar all personal. KUNGSFLYTT str\u00e4var efter att v\u00e5r verksamhet ska ha s\u00e5 liten p\u00e5verkan p\u00e5 milj\u00f6n som m\u00f6jligt. D\u00e4rf\u00f6r f\u00f6rnyar vi v\u00e5r vagnpark kontinuerligt och v\u00e5ra bilar tillh\u00f6r b\u00e4sta milj\u00f6klass. Vi ser till att anv\u00e4nd milj\u00f6v\u00e4nligt emballage till alla v\u00e5ra uppdrag, samt ser till att samlas v\u00e5ra [&hellip;]<\/p>\n","protected":false},"author":1,"featured_media":0,"parent":0,"menu_order":0,"comment_status":"open","ping_status":"closed","template":"","meta":[],"_links":{"self":[{"href":"https:\/\/www.kungsflytt.se\/index.php?rest_route=\/wp\/v2\/pages\/34"}],"collection":[{"href":"https:\/\/www.kungsflytt.se\/index.php?rest_route=\/wp\/v2\/pages"}],"about":[{"href":"https:\/\/www.kungsflytt.se\/index.php?rest_route=\/wp\/v2\/types\/page"}],"author":[{"embeddable":true,"href":"https:\/\/www.kungsflytt.se\/index.php?rest_route=\/wp\/v2\/users\/1"}],"replies":[{"embeddable":true,"href":"https:\/\/www.kungsflytt.se\/index.php?rest_route=%2Fwp%2Fv2%2Fcomments&post=34"}],"version-history":[{"count":8,"href":"https:\/\/www.kungsflytt.se\/index.php?rest_route=\/wp\/v2\/pages\/34\/revisions"}],"predecessor-version":[{"id":123,"href":"https:\/\/www.kungsflytt.se\/index.php?rest_route=\/wp\/v2\/pages\/34\/revisions\/123"}],"wp:attachment":[{"href":"https:\/\/www.kungsflytt.se\/index.php?rest_route=%2Fwp%2Fv2%2Fmedia&parent=34"}],"curies":[{"name":"wp","href":"https:\/\/api.w.org\/{rel}","templated":true}]}}